{"id":181,"date":"2025-12-07T20:58:57","date_gmt":"2025-12-07T20:58:57","guid":{"rendered":"https:\/\/libertadcreadora.org\/blog\/?page_id=181"},"modified":"2025-12-07T22:10:53","modified_gmt":"2025-12-07T22:10:53","slug":"libertad-creadora","status":"publish","type":"page","link":"https:\/\/libertadcreadora.org\/blog\/libertad-creadora\/","title":{"rendered":"Libertad Creadora"},"content":{"rendered":"\n<hr class=\"wp-block-separator has-alpha-channel-opacity\"\/>\n\n\n\n<h2 class=\"wp-block-heading\"><em>Cumpliendo con los antiguos preceptos de la Masoner\u00eda, en el a\u00f1o 2009&nbsp;siete Maestros Masones&nbsp;\u2014 la mayor\u00eda de ellos residentes en la Ciudad de La Plata \u2014 convinieron en fundar una nueva Logia<\/em><\/h2>\n\n\n\n<hr class=\"wp-block-separator has-alpha-channel-opacity\"\/>\n\n\n\n<p><\/p>\n\n\n\n<p>Los acuerdos y gestiones previas necesarias para ello se realizaron sucesivamente en la<strong><em>&nbsp;Biblioteca Popular Alejandro Korn<\/em><\/strong>, cual si la discreta sede de reuni\u00f3n de aquellos Hermanos, que trabajaban en otras Logias hasta el momento, tuviese la capacidad intr\u00ednseca para imbuirlos del esp\u00edritu y el legado de aquel otro Mas\u00f3n, cuyo nombre se encontraba honrado en la denominaci\u00f3n de dicha instituci\u00f3n.&nbsp;<strong><em>Alejandro Korn<\/em><\/strong><em>,&nbsp;<\/em>el pol\u00edtico, el m\u00e9dico, el fil\u00f3sofo, uno de los Cinco Sabios de la Ciudad de La Plata, ciertamente pasar\u00eda a ser reivindicado en forma definitiva por aquellos que decidir\u00edan denominar a la naciente Logia con su nombre.<\/p>\n\n\n\n<blockquote class=\"wp-block-quote is-layout-flow wp-block-quote-is-layout-flow\">\n<p id=\"fd69\"><strong>A 13 a\u00f1os de ese hito, y en tiempos en que valores tan caros para la Orden<\/strong>&nbsp;como la tradici\u00f3n, el honor, la tolerancia y la libertad son relativizados con penosa frecuencia (\u2026)<\/p>\n<\/blockquote>\n\n\n\n<p>La Respetable Logia Alejandro Korn tom\u00f3 entonces el n\u00famero 488 del registro de la Gran Logia de la Argentina, comenzando sus trabajos mas\u00f3nicos inmediatamente ese mismo a\u00f1o. Su piedra fundamental y principal raz\u00f3n de existir, estuvo dada por el celo en la conservaci\u00f3n de las tradiciones de la Orden, el estudio simb\u00f3lico y filos\u00f3fico, la preservaci\u00f3n y transmisi\u00f3n del valor inici\u00e1tico de la pura Masoner\u00eda. Tales inclaudicables defensas le han valido a aquella Logia las calificaciones de <em><strong><em><strong>marcial y ortodoxa<\/strong><\/em>. <\/strong><\/em>Por ello, puede afirmarse con leg\u00edtimo orgullo que las premisas fundacionales han sido fielmente custodiadas y honradas.<\/p>\n\n\n<div class=\"wp-block-image is-style-default\">\n<figure class=\"alignleft size-medium\"><a href=\"https:\/\/libertadcreadora.org\/blog\/wp-content\/uploads\/2025\/12\/og-image.png\"><img loading=\"lazy\" decoding=\"async\" width=\"293\" height=\"300\" src=\"https:\/\/libertadcreadora.org\/blog\/wp-content\/uploads\/2025\/12\/og-image-293x300.png\" alt=\"\" class=\"wp-image-17\" srcset=\"https:\/\/libertadcreadora.org\/blog\/wp-content\/uploads\/2025\/12\/og-image-293x300.png 293w, https:\/\/libertadcreadora.org\/blog\/wp-content\/uploads\/2025\/12\/og-image-998x1024.png 998w, https:\/\/libertadcreadora.org\/blog\/wp-content\/uploads\/2025\/12\/og-image-768x788.png 768w, https:\/\/libertadcreadora.org\/blog\/wp-content\/uploads\/2025\/12\/og-image.png 1170w\" sizes=\"auto, (max-width: 293px) 100vw, 293px\" \/><\/a><figcaption class=\"wp-element-caption\"><em>Medalla de la Respetable Logia.<\/em><\/figcaption><\/figure>\n<\/div>\n\n\n<p><strong>A 13 a\u00f1os de ese hito, y en tiempos en que valores tan caros para la Orden<\/strong> <strong>como la tradici\u00f3n, el honor, la tolerancia y la libertad son relativizados con penosa frecuencia,<\/strong> los Hermanos de la Logia hemos decidido asumir el desaf\u00edo crucial que demanda la hora, el de mantener vivamente vigentes estos principios y extenderlos sin condicionamiento alguno, tanto al resto de los Masones, como a la sociedad toda. Para ello, hemos emprendido esta instancia superadora y trascendente, fundando la&nbsp;<strong><em>Respetable Logia Libertad Creadora<\/em>,<\/strong>&nbsp;bajo los auspicios de la <strong><em>Delegaci\u00f3n Magistral para Argentina de la Serenissima Gran Loggia d\u2019Italia<\/em>.<\/strong>&nbsp;Debemos su denominaci\u00f3n, precisamente, al t\u00edtulo de la obra cumbre del pensamiento filos\u00f3fico de Alejandro Korn, pues <em>la libertad \u2014 en cuanto atributo inherente al hombre \u2014 es la condici\u00f3n necesaria para la acci\u00f3n humana, y esta es la que, en definitiva, modifica el mundo.<\/em><\/p>\n\n\n\n<p><strong>Una vez m\u00e1s, nos proponemos el sublime prop\u00f3sito para el cual ha sido pensada la Masoner\u00eda Universal<\/strong>, y as\u00ed lograr que los hombres de todas las inclinaciones ideol\u00f3gicas y convicciones religiosas, sin distinci\u00f3n ileg\u00edtima ninguna, m\u00e1s que la que otorgan el m\u00e9rito y la labor, se unan en el sagrado objeto de reflexionar sobre la propia naturaleza humana, sobre los arcanos y misterios de la vida y la muerte. Solo as\u00ed podremos forjar mejores individuos, y con ellos, sociedades elevadas.<\/p>\n\n\n\n<p><em>En el Oriente de La Plata, Buenos Aires, Argentina.<\/em><\/p>\n\n\n\n<p><\/p>\n","protected":false},"excerpt":{"rendered":"<p>Cumpliendo con los antiguos preceptos de la Masoner\u00eda, en el a\u00f1o 2009&nbsp;siete Maestros Masones&nbsp;\u2014 la mayor\u00eda de ellos residentes en la Ciudad de La Plata \u2014 convinieron en fundar una [&hellip;]<\/p>\n","protected":false},"author":2,"featured_media":0,"parent":0,"menu_order":0,"comment_status":"closed","ping_status":"closed","template":"","meta":{"footnotes":""},"class_list":["post-181","page","type-page","status-publish","hentry"],"_links":{"self":[{"href":"https:\/\/libertadcreadora.org\/blog\/wp-json\/wp\/v2\/pages\/181","targetHints":{"allow":["GET"]}}],"collection":[{"href":"https:\/\/libertadcreadora.org\/blog\/wp-json\/wp\/v2\/pages"}],"about":[{"href":"https:\/\/libertadcreadora.org\/blog\/wp-json\/wp\/v2\/types\/page"}],"author":[{"embeddable":true,"href":"https:\/\/libertadcreadora.org\/blog\/wp-json\/wp\/v2\/users\/2"}],"replies":[{"embeddable":true,"href":"https:\/\/libertadcreadora.org\/blog\/wp-json\/wp\/v2\/comments?post=181"}],"version-history":[{"count":3,"href":"https:\/\/libertadcreadora.org\/blog\/wp-json\/wp\/v2\/pages\/181\/revisions"}],"predecessor-version":[{"id":203,"href":"https:\/\/libertadcreadora.org\/blog\/wp-json\/wp\/v2\/pages\/181\/revisions\/203"}],"wp:attachment":[{"href":"https:\/\/libertadcreadora.org\/blog\/wp-json\/wp\/v2\/media?parent=181"}],"curies":[{"name":"wp","href":"https:\/\/api.w.org\/{rel}","templated":true}]}}